{"id":425,"date":"2018-10-03T22:22:36","date_gmt":"2018-10-03T20:22:36","guid":{"rendered":"http:\/\/kb2017.jkoeber.de\/?page_id=425"},"modified":"2022-04-09T11:07:23","modified_gmt":"2022-04-09T09:07:23","slug":"schornsteine","status":"publish","type":"page","link":"https:\/\/www.kaminbuss.de\/index.php\/schornsteine\/","title":{"rendered":"Schornsteine"},"content":{"rendered":"<div class=\"wpb-content-wrapper\"><p>[vc_row][vc_column width=&#8220;1\/1&#8243;][vc_column_text]Lassen Sie sich von uns beraten, was f\u00fcr Ihren Ofen\u00a0das beste System\u00a0ist. Gerne erhalten Sie ein Komplettangebot mit\u00a0Schornstein (aus einer Hand) von uns. Diese Pakete werden von unseren Kunden oft und gerne genutzt, da wir hierf\u00fcr einen immer individuellen und attraktiven\u00a0Paketpreis veranschlagen k\u00f6nnen.<\/p>\n<p>Egal ob Feuerst\u00e4tte oder Schornstein, die bei uns erh\u00e4ltlichen Produkte sind von h\u00f6chster Qualit\u00e4t.[\/vc_column_text][\/vc_column][\/vc_row][vc_row][vc_column width=&#8220;1\/3&#8243;][vc_single_image media=&#8220;520&#8243; media_width_percent=&#8220;100&#8243; media_link=&#8220;url:https%3A%2F%2Fhart-keramik.de%2Fprodukte%2Fkeramikrohre%2F||target:%20_blank|&#8220;][\/vc_column][vc_column width=&#8220;1\/3&#8243;][vc_single_image media=&#8220;519&#8243; media_width_percent=&#8220;100&#8243; media_link=&#8220;url:https%3A%2F%2Fwww.eka-edelstahlkamine.de%2FHome.htm||target:%20_blank|&#8220;][\/vc_column][vc_column width=&#8220;1\/3&#8243;][\/vc_column][\/vc_row]<\/p>\n<\/div>","protected":false},"excerpt":{"rendered":"<p>[vc_row][vc_column width=&#8220;1\/1&#8243;][vc_column_text]Lassen Sie sich von uns beraten, was f\u00fcr Ihren Ofen\u00a0das beste System\u00a0ist. Gerne erhalten Sie ein Komplettangebot mit\u00a0Schornstein (aus [&hellip;]<\/p>\n","protected":false},"author":1,"featured_media":0,"parent":0,"menu_order":0,"comment_status":"closed","ping_status":"closed","template":"","meta":{"footnotes":""},"class_list":["post-425","page","type-page","status-publish","hentry"],"_links":{"self":[{"href":"https:\/\/www.kaminbuss.de\/index.php\/wp-json\/wp\/v2\/pages\/425","targetHints":{"allow":["GET"]}}],"collection":[{"href":"https:\/\/www.kaminbuss.de\/index.php\/wp-json\/wp\/v2\/pages"}],"about":[{"href":"https:\/\/www.kaminbuss.de\/index.php\/wp-json\/wp\/v2\/types\/page"}],"author":[{"embeddable":true,"href":"https:\/\/www.kaminbuss.de\/index.php\/wp-json\/wp\/v2\/users\/1"}],"replies":[{"embeddable":true,"href":"https:\/\/www.kaminbuss.de\/index.php\/wp-json\/wp\/v2\/comments?post=425"}],"version-history":[{"count":6,"href":"https:\/\/www.kaminbuss.de\/index.php\/wp-json\/wp\/v2\/pages\/425\/revisions"}],"predecessor-version":[{"id":598,"href":"https:\/\/www.kaminbuss.de\/index.php\/wp-json\/wp\/v2\/pages\/425\/revisions\/598"}],"wp:attachment":[{"href":"https:\/\/www.kaminbuss.de\/index.php\/wp-json\/wp\/v2\/media?parent=425"}],"curies":[{"name":"wp","href":"https:\/\/api.w.org\/{rel}","templated":true}]}}