{"id":16,"date":"2017-08-01T12:17:42","date_gmt":"2017-08-01T10:17:42","guid":{"rendered":"http:\/\/kb2017.jkoeber.de\/?page_id=16"},"modified":"2022-04-09T11:08:20","modified_gmt":"2022-04-09T09:08:20","slug":"kamine","status":"publish","type":"page","link":"https:\/\/www.kaminbuss.de\/index.php\/kamine\/","title":{"rendered":"Kamine"},"content":{"rendered":"<div class=\"wpb-content-wrapper\"><p>[vc_row][vc_column width=&#8220;2\/3&#8243;][vc_column_text]Sie wissen noch nicht welcher Hersteller f\u00fcr Sie in Frage kommt? Dann klicken Sie sich doch mal durch! Suchen Sie Ihren Favoriten heraus und kontaktieren uns f\u00fcr ein unverbindliches Gespr\u00e4ch.[\/vc_column_text][\/vc_column][vc_column width=&#8220;1\/3&#8243;][\/vc_column][\/vc_row][vc_row][vc_column width=&#8220;1\/4&#8243;][vc_single_image media=&#8220;113&#8243; media_width_percent=&#8220;100&#8243; media_link=&#8220;url:http%3A%2F%2Fnordpeis.de%2F||target:%20_blank|&#8220;][\/vc_column][vc_column width=&#8220;1\/4&#8243;][vc_single_image media=&#8220;117&#8243; media_width_percent=&#8220;100&#8243; media_link=&#8220;url:https%3A%2F%2Fwww.cera.de%2Fde%2Fhome.html||target:%20_blank|&#8220;][\/vc_column][vc_column width=&#8220;1\/4&#8243;][vc_single_image media=&#8220;115&#8243; media_width_percent=&#8220;100&#8243; media_link=&#8220;url:https%3A%2F%2Fwww.drooff-kaminofen.de||target:%20_blank|&#8220;][\/vc_column][vc_column width=&#8220;1\/4&#8243;][vc_single_image media=&#8220;517&#8243; media_width_percent=&#8220;100&#8243; media_link=&#8220;url:https%3A%2F%2Fheta.dk%2Fde%2F||target:%20_blank|&#8220;][\/vc_column][\/vc_row][vc_row][vc_column width=&#8220;1\/4&#8243;][vc_single_image media=&#8220;589&#8243; media_width_percent=&#8220;100&#8243; media_link=&#8220;url:https%3A%2F%2Fwww.pertinger.com%2Fde%2Fholzherde%2F1-0.html||target:%20_blank|&#8220;][\/vc_column][vc_column width=&#8220;1\/4&#8243;][vc_single_image media=&#8220;122&#8243; media_width_percent=&#8220;100&#8243; media_link=&#8220;url:https%3A%2F%2Fwww.altechkachels.com%2Fde%2F||target:%20_blank|&#8220;][\/vc_column][vc_column width=&#8220;1\/4&#8243;][\/vc_column][\/vc_row]<\/p>\n<\/div>","protected":false},"excerpt":{"rendered":"<p>[vc_row][vc_column width=&#8220;2\/3&#8243;][vc_column_text]Sie wissen noch nicht welcher Hersteller f\u00fcr Sie in Frage kommt? Dann klicken Sie sich doch mal durch! Suchen [&hellip;]<\/p>\n","protected":false},"author":1,"featured_media":0,"parent":0,"menu_order":0,"comment_status":"closed","ping_status":"closed","template":"","meta":{"footnotes":""},"class_list":["post-16","page","type-page","status-publish","hentry"],"_links":{"self":[{"href":"https:\/\/www.kaminbuss.de\/index.php\/wp-json\/wp\/v2\/pages\/16","targetHints":{"allow":["GET"]}}],"collection":[{"href":"https:\/\/www.kaminbuss.de\/index.php\/wp-json\/wp\/v2\/pages"}],"about":[{"href":"https:\/\/www.kaminbuss.de\/index.php\/wp-json\/wp\/v2\/types\/page"}],"author":[{"embeddable":true,"href":"https:\/\/www.kaminbuss.de\/index.php\/wp-json\/wp\/v2\/users\/1"}],"replies":[{"embeddable":true,"href":"https:\/\/www.kaminbuss.de\/index.php\/wp-json\/wp\/v2\/comments?post=16"}],"version-history":[{"count":39,"href":"https:\/\/www.kaminbuss.de\/index.php\/wp-json\/wp\/v2\/pages\/16\/revisions"}],"predecessor-version":[{"id":600,"href":"https:\/\/www.kaminbuss.de\/index.php\/wp-json\/wp\/v2\/pages\/16\/revisions\/600"}],"wp:attachment":[{"href":"https:\/\/www.kaminbuss.de\/index.php\/wp-json\/wp\/v2\/media?parent=16"}],"curies":[{"name":"wp","href":"https:\/\/api.w.org\/{rel}","templated":true}]}}